{"id":926,"date":"2019-10-22T14:57:05","date_gmt":"2019-10-22T14:57:05","guid":{"rendered":"https:\/\/www.ekia-cosmetiques.com\/marque\/?page_id=926"},"modified":"2019-11-13T08:27:33","modified_gmt":"2019-11-13T08:27:33","slug":"satisfait-ou-rembourse-retour-produits","status":"publish","type":"page","link":"https:\/\/www.ekia-cosmetiques.com\/marque\/satisfait-ou-rembourse-retour-produits\/","title":{"rendered":"Satisfait ou Rembours\u00e9 &#8211; Retour Produits"},"content":{"rendered":"\t\t<div data-elementor-type=\"wp-page\" data-elementor-id=\"926\" class=\"elementor elementor-926\" data-elementor-post-type=\"page\">\n\t\t\t\t\t\t<section class=\"elementor-section elementor-top-section elementor-element elementor-element-b30ed05 elementor-section-boxed elementor-section-height-default elementor-section-height-default\" data-id=\"b30ed05\" data-element_type=\"section\">\n\t\t\t\t\t\t<div class=\"elementor-container elementor-column-gap-default\">\n\t\t\t\t\t<div class=\"elementor-column elementor-col-100 elementor-top-column elementor-element elementor-element-e0156a1\" data-id=\"e0156a1\" data-element_type=\"column\">\n\t\t\t<div class=\"elementor-widget-wrap elementor-element-populated\">\n\t\t\t\t\t\t<div class=\"elementor-element elementor-element-3a1cd6d elementor-widget elementor-widget-heading\" data-id=\"3a1cd6d\" data-element_type=\"widget\" data-widget_type=\"heading.default\">\n\t\t\t\t<div class=\"elementor-widget-container\">\n\t\t\t\t\t<h1 class=\"elementor-heading-title elementor-size-large\">Satisfaite ou rembours\u00e9e !<\/h1>\t\t\t\t<\/div>\n\t\t\t\t<\/div>\n\t\t\t\t\t<\/div>\n\t\t<\/div>\n\t\t\t\t\t<\/div>\n\t\t<\/section>\n\t\t\t\t<section class=\"elementor-section elementor-top-section elementor-element elementor-element-b396ad8 elementor-section-boxed elementor-section-height-default elementor-section-height-default\" data-id=\"b396ad8\" data-element_type=\"section\">\n\t\t\t\t\t\t<div class=\"elementor-container elementor-column-gap-default\">\n\t\t\t\t\t<div class=\"elementor-column elementor-col-100 elementor-top-column elementor-element elementor-element-23594ef\" data-id=\"23594ef\" data-element_type=\"column\">\n\t\t\t<div class=\"elementor-widget-wrap elementor-element-populated\">\n\t\t\t\t\t\t<div class=\"elementor-element elementor-element-d44b403 elementor-widget elementor-widget-text-editor\" data-id=\"d44b403\" data-element_type=\"widget\" data-widget_type=\"text-editor.default\">\n\t\t\t\t<div class=\"elementor-widget-container\">\n\t\t\t\t\t\t\t\t\t<p>Un produit ne vous convient pas ? <br \/>Ekia reprend vos produits !\u00a0<\/p>\t\t\t\t\t\t\t\t<\/div>\n\t\t\t\t<\/div>\n\t\t\t\t\t<\/div>\n\t\t<\/div>\n\t\t\t\t\t<\/div>\n\t\t<\/section>\n\t\t\t\t<section class=\"elementor-section elementor-top-section elementor-element elementor-element-38a2996 elementor-section-content-middle elementor-section-boxed elementor-section-height-default elementor-section-height-default\" data-id=\"38a2996\" data-element_type=\"section\">\n\t\t\t\t\t\t<div class=\"elementor-container elementor-column-gap-default\">\n\t\t\t\t\t<div class=\"elementor-column elementor-col-66 elementor-top-column elementor-element elementor-element-c66b2f1\" data-id=\"c66b2f1\" data-element_type=\"column\">\n\t\t\t<div class=\"elementor-widget-wrap elementor-element-populated\">\n\t\t\t\t\t\t<div class=\"elementor-element elementor-element-cd804a0 elementor-widget elementor-widget-text-editor\" data-id=\"cd804a0\" data-element_type=\"widget\" data-widget_type=\"text-editor.default\">\n\t\t\t\t<div class=\"elementor-widget-container\">\n\t\t\t\t\t\t\t\t\t<p>Comment \u00e7a marche ?<\/p>\t\t\t\t\t\t\t\t<\/div>\n\t\t\t\t<\/div>\n\t\t\t\t<div class=\"elementor-element elementor-element-8d66e6f elementor-widget elementor-widget-text-editor\" data-id=\"8d66e6f\" data-element_type=\"widget\" data-widget_type=\"text-editor.default\">\n\t\t\t\t<div class=\"elementor-widget-container\">\n\t\t\t\t\t\t\t\t\t<p>Vous pouvez nous renvoyer tout produit ayant \u00e9t\u00e9 command\u00e9 sur le site web <a href=\"http:\/\/ekia-cosmetiques.com\">ekia-cosmetiques.com<\/a> durant les 15 jours \u00e0 compter de la date d\u2019achat* **.\u00a0<br \/><span style=\"font-size: 1rem;\">\u00c0 la suite de votre commande et si votre produit ne vous convient pas, nous vous invitons \u00e0 nous contacter par e-mail \u00e0 l\u2019adresse suivante <\/span><a style=\"font-size: 1rem; background-color: #ffffff;\" href=\"mailto:contact@ekia-cosmetiques.com\">contact@ekia-cosmetiques.com<\/a><span style=\"font-size: 1rem;\">\u00a0: nous vous enverrons un questionnaire vous permettant d\u2019expliquer votre insatisfaction. D\u00e8s la r\u00e9ception de celui-ci, nous vous ferons parvenir un bon de retour.\u00a0<\/span><\/p>\t\t\t\t\t\t\t\t<\/div>\n\t\t\t\t<\/div>\n\t\t\t\t\t<\/div>\n\t\t<\/div>\n\t\t\t\t<div class=\"elementor-column elementor-col-33 elementor-top-column elementor-element elementor-element-4efa6bf\" data-id=\"4efa6bf\" data-element_type=\"column\">\n\t\t\t<div class=\"elementor-widget-wrap elementor-element-populated\">\n\t\t\t\t\t\t<div class=\"elementor-element elementor-element-96c209b elementor-widget elementor-widget-image\" data-id=\"96c209b\" data-element_type=\"widget\" data-widget_type=\"image.default\">\n\t\t\t\t<div class=\"elementor-widget-container\">\n\t\t\t\t\t\t\t\t\t\t\t\t\t\t\t<img fetchpriority=\"high\" decoding=\"async\" width=\"364\" height=\"213\" src=\"https:\/\/www.ekia-cosmetiques.com\/marque\/wp-content\/uploads\/2019\/10\/ekia-cosmetiques-garantie-satisfait-ou-rembourse.png\" class=\"attachment-full size-full wp-image-928\" alt=\"ekia-cosmetiques-garantie-satisfait-ou-rembourse\" srcset=\"https:\/\/www.ekia-cosmetiques.com\/marque\/wp-content\/uploads\/2019\/10\/ekia-cosmetiques-garantie-satisfait-ou-rembourse.png 364w, https:\/\/www.ekia-cosmetiques.com\/marque\/wp-content\/uploads\/2019\/10\/ekia-cosmetiques-garantie-satisfait-ou-rembourse-300x176.png 300w\" sizes=\"(max-width: 364px) 100vw, 364px\" \/>\t\t\t\t\t\t\t\t\t\t\t\t\t\t\t<\/div>\n\t\t\t\t<\/div>\n\t\t\t\t\t<\/div>\n\t\t<\/div>\n\t\t\t\t\t<\/div>\n\t\t<\/section>\n\t\t\t\t<section class=\"elementor-section elementor-top-section elementor-element elementor-element-226d3ff elementor-section-boxed elementor-section-height-default elementor-section-height-default\" data-id=\"226d3ff\" data-element_type=\"section\">\n\t\t\t\t\t\t<div class=\"elementor-container elementor-column-gap-default\">\n\t\t\t\t\t<div class=\"elementor-column elementor-col-100 elementor-top-column elementor-element elementor-element-9241312\" data-id=\"9241312\" data-element_type=\"column\">\n\t\t\t<div class=\"elementor-widget-wrap elementor-element-populated\">\n\t\t\t\t\t\t<div class=\"elementor-element elementor-element-25888b2 elementor-widget elementor-widget-text-editor\" data-id=\"25888b2\" data-element_type=\"widget\" data-widget_type=\"text-editor.default\">\n\t\t\t\t<div class=\"elementor-widget-container\">\n\t\t\t\t\t\t\t\t\t<p>*Sous r\u00e9serve d\u2019utilisation normale du produit, \u00e0 raison de 0.66ml par application par jour. La quantit\u00e9 restante de produit sera v\u00e9rifi\u00e9e par la marque d\u00e8s la r\u00e9ception du produit.<\/p><p>**Fonctionnalit\u00e9 valable une fois par client par produit<\/p>\t\t\t\t\t\t\t\t<\/div>\n\t\t\t\t<\/div>\n\t\t\t\t\t<\/div>\n\t\t<\/div>\n\t\t\t\t\t<\/div>\n\t\t<\/section>\n\t\t\t\t<\/div>\n\t\t","protected":false},"excerpt":{"rendered":"<p>Satisfaite ou rembours\u00e9e ! Un produit ne vous convient pas ? Ekia reprend vos produits ! Comment \u00e7a marche ? Vous pouvez nous renvoyer tout produit ayant \u00e9t\u00e9 command\u00e9 sur le site web ekia-cosmetiques.com durant les 15 jours \u00e0 compter de la date d\u2019achat* **. \u00c0 la suite de votre commande et si votre produit [&hellip;]<\/p>\n","protected":false},"author":1,"featured_media":0,"parent":0,"menu_order":0,"comment_status":"closed","ping_status":"closed","template":"","meta":{"_acf_changed":false,"_seopress_robots_primary_cat":"","_seopress_titles_title":"Un produit ne vous convient pas ? Ekia reprend vos produits ! ","_seopress_titles_desc":"Si un produit ne vous convient pas, vous pouvez renvoyer tout produit command\u00e9 sur le site web ekia-cosmetiques.com durant les 15 jours \u00e0 compter de la date d\u2019achat","_seopress_robots_index":"","footnotes":""},"class_list":["post-926","page","type-page","status-publish","hentry"],"acf":[],"_links":{"self":[{"href":"https:\/\/www.ekia-cosmetiques.com\/marque\/wp-json\/wp\/v2\/pages\/926","targetHints":{"allow":["GET"]}}],"collection":[{"href":"https:\/\/www.ekia-cosmetiques.com\/marque\/wp-json\/wp\/v2\/pages"}],"about":[{"href":"https:\/\/www.ekia-cosmetiques.com\/marque\/wp-json\/wp\/v2\/types\/page"}],"author":[{"embeddable":true,"href":"https:\/\/www.ekia-cosmetiques.com\/marque\/wp-json\/wp\/v2\/users\/1"}],"replies":[{"embeddable":true,"href":"https:\/\/www.ekia-cosmetiques.com\/marque\/wp-json\/wp\/v2\/comments?post=926"}],"version-history":[{"count":5,"href":"https:\/\/www.ekia-cosmetiques.com\/marque\/wp-json\/wp\/v2\/pages\/926\/revisions"}],"predecessor-version":[{"id":1420,"href":"https:\/\/www.ekia-cosmetiques.com\/marque\/wp-json\/wp\/v2\/pages\/926\/revisions\/1420"}],"wp:attachment":[{"href":"https:\/\/www.ekia-cosmetiques.com\/marque\/wp-json\/wp\/v2\/media?parent=926"}],"curies":[{"name":"wp","href":"https:\/\/api.w.org\/{rel}","templated":true}]}}