{"id":1154,"date":"2019-10-28T07:48:07","date_gmt":"2019-10-28T07:48:07","guid":{"rendered":"https:\/\/www.ekia-cosmetiques.com\/marque\/?page_id=1154"},"modified":"2019-11-21T10:45:43","modified_gmt":"2019-11-21T10:45:43","slug":"diagnostic-peaux-matures","status":"publish","type":"page","link":"https:\/\/www.ekia-cosmetiques.com\/marque\/diagnostic-peaux-matures\/","title":{"rendered":"Diagnostic Peaux matures"},"content":{"rendered":"\t\t<div data-elementor-type=\"wp-page\" data-elementor-id=\"1154\" class=\"elementor elementor-1154\" data-elementor-post-type=\"page\">\n\t\t\t\t\t\t<section class=\"elementor-section elementor-top-section elementor-element elementor-element-1558dd52 elementor-section-boxed elementor-section-height-default elementor-section-height-default\" data-id=\"1558dd52\" data-element_type=\"section\">\n\t\t\t\t\t\t<div class=\"elementor-container elementor-column-gap-default\">\n\t\t\t\t\t<div class=\"elementor-column elementor-col-100 elementor-top-column elementor-element elementor-element-5571c107\" data-id=\"5571c107\" data-element_type=\"column\">\n\t\t\t<div class=\"elementor-widget-wrap elementor-element-populated\">\n\t\t\t\t\t\t<div class=\"elementor-element elementor-element-2e60cdb0 elementor-widget elementor-widget-heading\" data-id=\"2e60cdb0\" data-element_type=\"widget\" data-widget_type=\"heading.default\">\n\t\t\t\t<div class=\"elementor-widget-container\">\n\t\t\t\t\t<h1 class=\"elementor-heading-title elementor-size-large\">Diagnostic<\/h1>\t\t\t\t<\/div>\n\t\t\t\t<\/div>\n\t\t\t\t<div class=\"elementor-element elementor-element-58f18d5 elementor-widget elementor-widget-shortcode\" data-id=\"58f18d5\" data-element_type=\"widget\" data-widget_type=\"shortcode.default\">\n\t\t\t\t<div class=\"elementor-widget-container\">\n\t\t\t\t\t\t\t<div class=\"elementor-shortcode\"> <div class=\"btsrp\">\n  <p><b style=\"color:#999900\"> VOTRE DIAGNOSTIC DE PEAU<\/b style><\/p>\n<p>Chaque peau est unique et une simple approche par votre \u00e2ge ou vos habitudes n\u2019est pas suffisante pour savoir ce dont votre peau a vraiment besoin.\nGr\u00e2ce \u00e0 ce questionnaire \u00e9labor\u00e9 avec des scientifiques, identifiez votre type de peau, puis d\u00e9couvrez votre routine de soins anti-\u00e2ge bio sur-mesure.<\/p>\t\t\t\t<form id=\"acf-form\" class=\"acf-form\" action=\"\" method=\"post\">\n\t\t\t\t\t<div id=\"acf-form-data\" class=\"acf-hidden\">\n\t\t<input type=\"hidden\" id=\"_acf_screen\" name=\"_acf_screen\" value=\"acf_form\"\/><input type=\"hidden\" id=\"_acf_post_id\" name=\"_acf_post_id\" value=\"new_post\"\/><input type=\"hidden\" id=\"_acf_validation\" name=\"_acf_validation\" value=\"1\"\/><input type=\"hidden\" id=\"_acf_form\" name=\"_acf_form\" value=\"eVh3V1JpZ1RwS2gxZGU4SHIycDI2Vmlqc1p1eDZCQWxBeUl4cXhQTzMwV3dQNWRuRGpBR2hkRy9QM1huY3dJVG50bG1UTjZWYjQrWXFWMzFYTkwySVdHMEhOd0JNOHBXQjhQbUg3MVBHZ3hLa3VuTmNGRjNKYy96b043Z1NMZm1PNVUwVGpRTFpjSlNtTDZwcjdCNTBHajgvUXdLZUJBTGwwQnNWbU5jZ2RDK043aWZaR1ZZUUVRajNJNEM2Nkl2S1o4c1RUaTZxNlpLMG1DZ1MxQ3R4cC9NcHRVSDNSTmluNFcwWTV2eWdrdzcwUlgvREdWeWNqb2tKcWpFaTlsenpCbkpBdnZYcEEzbTFMd2N3akJTYndyU2pZeGM1ZEpPeC9FUG82RlpmbFpSMHc4bi9qMW5CaEk3aVRRUmg2SDFLcXFtOHBEbktnQ1QyRXVkbnBTb2hYd1FMUk9uT2szR0RLYUhNdjBlYU1aQ0tLbitKLzNEY1d3YjdEaUNlSmZBWkRrL0QvUFJhYjEwMGFHQS9TN1RCUkZUYzZXTk5FQmpsY1VDd1c3ZWhpcktQV1d5WHZyWkszSjRSaExDOE9DUCtsdWF6MSs5ZEJWYmJVN09FWjRjcmdEL3ZRR3Q1Z245NlZUUDcyeEFJZW5YaC9xTW5HdGU2RmNkVEs1RlJ4SkRReXJHL2pDZDJJbVJNRDRUejBFTW5wSjJaNGI0cUFLTVJwTHZWNnZDRmRxbDA1VW5KT3NDOEl4djFlNjVkaHpQSzI0VzJ0bDFSYUU4WjRsMlJoMnc3UkFrSWplc1FlVEFVRVJ4VURhRXp4RkZlbXFJUE8yKzkwcDJXVklnNjlpN2hWQ21uZUJqOUUxSDhmWjUvam1iS0lyaTNkZUJ4SnlnUGFyUTNQbDlRemV2bVh5OGI1MnhKUHhrQWdXY0FTbE02am1CcXhNcFdNM09hU2pJaWdxdW9TY0NDN0dOYS95SXk4YjVWQnB1YU5HYURJNnZsdHMzRks2MVN1UUJWSGZLZWhTalVEclU0UzUxZ011VjV5MUtiRmIvM2xpZW1GM2Fnd1hvVHphRTJXUUtydGVuMFZJVUZEd045SExJMS9LY3ZEUVpKOXIrT1M0WVBTUXpHbzZsd0RWRVpDQy83d0IvU0VRajRqYTNRNUJ5N3hPTTFaZ3B2bHlNZ3BIUlJ2R3EvNE5FTnhYaU1rL2dUVk82blpGenpLaks1bXk5VkdNam03ajFMRk1OL1FlQlZSYmUzUW1OcGt1eVpSMzExWXJDaUVqYWtQcXVFbHlTTVl6SDY2dTQvcDlGTWtmTWdUVWM2emlyMkMyVXVId3EzbHNDS3E0L3VIUTA2WTE2N3BxVklSSTkwQWJVZWc5UE5Nd3JkR2dNeHF3OXlkVzFZWlBITHpaZGJvTmYwUWpZVGNSejdPRDd6K0k3Z2VQOEswdkk0NjNxMnNMUFpvRVRWZ01HeFZ5bDcwRDlrejVCeGlXY1MrUHpTY2VxR2w5amxKNW9ZZlJxb0dnV2l2SS9mWWNlRWRTOG51cXRkOVZaaU5DamFDSFA3L1BqVmlZTDB2R3pxVlBQc0w0aGQ1TVNPQUF0bHNBWklnVDlnQldPR2hJRXpHMm9YR0ZUTWozWUNVWDZZaFg0elNPOHVaZWJQbEpKdUluWVhrazVZZ0ZDcWpnVjVXN25qZCtETE9wS1ZCbkgvMU0zOTErc21odGsvc0VkeE9PWitKVGF2ejNVZnF2Smg2cEx3bHc3cE9LT0xsL2NCalRQNnhtaCtuWGRSVTBtU3lpT2ZUTnN2NFJWdHZORlR2Z3ZQRFBJbkQ1SGhyRE5NZmU3U2QzblpEYUdSSTJaZ0EvNHk4YnY5MVdqaU9KRXhBL1drTUhVaHhrMHFwREI5TUNUNGZPR1VJVGZ0TkI0QTdmeTVQdGRpdlByOFluQ2ZxaEpRZVFoMVcxWWVtTkkxS0l5QTdzZWk1QVNBMGV1WkFCcTFYOWFtZDRlSTlWd20zaklJTDdBZDViYjBHUlpXaUMvNGNxekRWck1EUXpsWGdMNVBzekhjUHF3L095cXlwNWVTZz09OjrmQYfU3Kp5\/TGXtJ9HMo9a\"\/><input type=\"hidden\" id=\"_acf_nonce\" name=\"_acf_nonce\" value=\"7e7dc82c84\"\/><input type=\"hidden\" id=\"_acf_changed\" name=\"_acf_changed\" value=\"0\"\/><input type=\"hidden\" id=\"_acf_location[post_id]\" name=\"_acf_location[post_id]\" value=\"1154\"\/>\t<\/div>\n\t\t\t\t<div class=\"acf-fields acf-form-fields -top\">\n\t\t\t\t\t\t\t\t<div class=\"acf-field acf-field-group acf-field-5d7de58a87527 acfe-field-group-layout-block\" data-name=\"demaquillage\" data-type=\"group\" data-key=\"field_5d7de58a87527\">\n<div class=\"acf-label\">\n<label for=\"acf-field_5d7de58a87527\">Concernant votre d\u00e9maquillage :<\/label><\/div>\n<div class=\"acf-input\">\n<div class=\"acf-fields -top -border\"><div class=\"acf-field acf-field-radio acf-field-5d7de5a1a8897 is-required\" data-name=\"quest_1\" data-type=\"radio\" data-key=\"field_5d7de5a1a8897\" data-required=\"1\">\n<div class=\"acf-label\">\n<label id=\"acf-field_5d7de58a87527-field_5d7de5a1a8897-label\">Quelle affirmation r\u00e9sume le mieux votre approche du d\u00e9maquillage ? <span class=\"acf-required\">*<\/span><\/label><\/div>\n<div class=\"acf-input\">\n<input type=\"hidden\" name=\"acf[field_5d7de58a87527][field_5d7de5a1a8897]\"\/><ul class=\"acf-radio-list acf-bl\" data-allow_null=\"1\" data-other_choice=\"0\" role=\"radiogroup\" aria-labelledby=\"acf-field_5d7de58a87527-field_5d7de5a1a8897-label\"><li><label><input type=\"radio\" id=\"acf-field_5d7de58a87527-field_5d7de5a1a8897-1\" name=\"acf[field_5d7de58a87527][field_5d7de5a1a8897]\" value=\"1\"\/>J'accorde du temps \u00e0 mon d\u00e9maquillage, c'est un vrai rituel pour moi<\/label><\/li><li><label><input type=\"radio\" id=\"acf-field_5d7de58a87527-field_5d7de5a1a8897-2\" name=\"acf[field_5d7de58a87527][field_5d7de5a1a8897]\" value=\"2\"\/>J'aime les produits tout-en-1 et j'ai peu de temps \u00e0 consacrer au d\u00e9maquillage<\/label><\/li><li><label><input type=\"radio\" id=\"acf-field_5d7de58a87527-field_5d7de5a1a8897-3\" name=\"acf[field_5d7de58a87527][field_5d7de5a1a8897]\" value=\"3\"\/>Je suis \u00e0 la recherche de nouveaux produits aux textures in\u00e9dites<\/label><\/li><\/ul><\/div>\n<\/div>\n<div class=\"acf-field acf-field-radio acf-field-5d7de5cca8898 is-required\" data-name=\"quest_2\" data-type=\"radio\" data-key=\"field_5d7de5cca8898\" data-required=\"1\">\n<div class=\"acf-label\">\n<label id=\"acf-field_5d7de58a87527-field_5d7de5cca8898-label\">Quel genre de produit aimez-vous utiliser pour votre d\u00e9maquillage\/nettoyage ? <span class=\"acf-required\">*<\/span><\/label><\/div>\n<div class=\"acf-input\">\n<input type=\"hidden\" name=\"acf[field_5d7de58a87527][field_5d7de5cca8898]\"\/><ul class=\"acf-radio-list acf-bl\" data-allow_null=\"1\" data-other_choice=\"0\" role=\"radiogroup\" aria-labelledby=\"acf-field_5d7de58a87527-field_5d7de5cca8898-label\"><li><label><input type=\"radio\" id=\"acf-field_5d7de58a87527-field_5d7de5cca8898-1\" name=\"acf[field_5d7de58a87527][field_5d7de5cca8898]\" value=\"1\"\/>J'ai la peau s\u00e8che, j'ai besoin de confort<\/label><\/li><li><label><input type=\"radio\" id=\"acf-field_5d7de58a87527-field_5d7de5cca8898-2\" name=\"acf[field_5d7de58a87527][field_5d7de5cca8898]\" value=\"2\"\/>J'ai besoin d'un produit frais et tonique<\/label><\/li><li><label><input type=\"radio\" id=\"acf-field_5d7de58a87527-field_5d7de5cca8898-3\" name=\"acf[field_5d7de58a87527][field_5d7de5cca8898]\" value=\"3\"\/>J'ai besoin d'eau pour me sentir propre<\/label><\/li><\/ul><\/div>\n<\/div>\n<div class=\"acf-field acf-field-radio acf-field-5d7de5e7a8899 is-required\" data-name=\"quest_3\" data-type=\"radio\" data-key=\"field_5d7de5e7a8899\" data-required=\"1\">\n<div class=\"acf-label\">\n<label id=\"acf-field_5d7de58a87527-field_5d7de5e7a8899-label\">Votre maquillage du teint de tous les jours est plut\u00f4t : <span class=\"acf-required\">*<\/span><\/label><\/div>\n<div class=\"acf-input\">\n<input type=\"hidden\" name=\"acf[field_5d7de58a87527][field_5d7de5e7a8899]\"\/><ul class=\"acf-radio-list acf-bl\" data-allow_null=\"1\" data-other_choice=\"0\" role=\"radiogroup\" aria-labelledby=\"acf-field_5d7de58a87527-field_5d7de5e7a8899-label\"><li><label><input type=\"radio\" id=\"acf-field_5d7de58a87527-field_5d7de5e7a8899-1\" name=\"acf[field_5d7de58a87527][field_5d7de5e7a8899]\" value=\"1\"\/>Fond de teint<\/label><\/li><li><label><input type=\"radio\" id=\"acf-field_5d7de58a87527-field_5d7de5e7a8899-2\" name=\"acf[field_5d7de58a87527][field_5d7de5e7a8899]\" value=\"2\"\/>Pas de fond de teint \/ fond de teint min\u00e9ral \/ cr\u00e8me teint\u00e9 \/ BB, CC cr\u00e8me<\/label><\/li><li><label><input type=\"radio\" id=\"acf-field_5d7de58a87527-field_5d7de5e7a8899-3\" name=\"acf[field_5d7de58a87527][field_5d7de5e7a8899]\" value=\"3\"\/>Fond de teint longue tenue \/ fond de teint + poudre<\/label><\/li><\/ul><\/div>\n<\/div>\n<\/div><\/div>\n<\/div>\n<div class=\"acf-field acf-field-text acf-field--validate-email\" style=\"display:none !important;\" data-name=\"_validate_email\" data-type=\"text\" data-key=\"_validate_email\">\n<div class=\"acf-label\">\n<label for=\"acf-_validate_email\">Valider l\u2019e-mail<\/label><\/div>\n<div class=\"acf-input\">\n<div class=\"acf-input-wrap\"><input type=\"text\" id=\"acf-_validate_email\" name=\"acf[_validate_email]\"\/><\/div><\/div>\n<\/div>\n\t\t\t\t<input type=\"hidden\" name=\"ame-multiform-id\" value=\"quest\"\/> <input type=\"hidden\" name=\"ame-current-step\" value=\"1\"\/> <input type=\"hidden\" name=\"ame-conf\" value=\"1157\"\/> <input type=\"hidden\" name=\"ame-tag\" value=\"99\"\/>\t\t\t<\/div>\n\t\t\t\t\t\t\t<div class=\"acf-form-submit\">\n\t\t\t\t\t<input type=\"submit\" class=\"acf-button button button-primary button-large\" value=\"Derni\u00e8re \u00e9tape\" \/>\t\t\t\t\t<span class=\"acf-spinner\"><\/span>\t\t\t\t<\/div>\n\t\t\t\t<\/form>\n\t\t\t <\/div>\n<\/div>\n\t\t\t\t\t\t<\/div>\n\t\t\t\t<\/div>\n\t\t\t\t\t<\/div>\n\t\t<\/div>\n\t\t\t\t\t<\/div>\n\t\t<\/section>\n\t\t\t\t<section class=\"elementor-section elementor-top-section elementor-element elementor-element-bcceeb2 elementor-section-boxed elementor-section-height-default elementor-section-height-default\" data-id=\"bcceeb2\" data-element_type=\"section\">\n\t\t\t\t\t\t<div class=\"elementor-container elementor-column-gap-default\">\n\t\t\t\t\t<div class=\"elementor-column elementor-col-100 elementor-top-column elementor-element elementor-element-c899934\" data-id=\"c899934\" data-element_type=\"column\">\n\t\t\t<div class=\"elementor-widget-wrap\">\n\t\t\t\t\t\t\t<\/div>\n\t\t<\/div>\n\t\t\t\t\t<\/div>\n\t\t<\/section>\n\t\t\t\t<\/div>\n\t\t","protected":false},"excerpt":{"rendered":"<p>Diagnostic<\/p>\n","protected":false},"author":3,"featured_media":0,"parent":0,"menu_order":0,"comment_status":"closed","ping_status":"closed","template":"page-templates\/template_form.php","meta":{"_acf_changed":false,"_seopress_robots_primary_cat":"","_seopress_titles_title":"R\u00e9aliser votre diagnostic de peau gratuit en ligne","_seopress_titles_desc":"D\u00e9couvrez votre type de peau et le programme de soin et de routines qui lui est sp\u00e9cialement adapt\u00e9 gr\u00e2ce \u00e0 notre diagnostic de peau gratuit en ligne","_seopress_robots_index":"","footnotes":""},"class_list":["post-1154","page","type-page","status-publish","hentry"],"acf":[],"_links":{"self":[{"href":"https:\/\/www.ekia-cosmetiques.com\/marque\/wp-json\/wp\/v2\/pages\/1154","targetHints":{"allow":["GET"]}}],"collection":[{"href":"https:\/\/www.ekia-cosmetiques.com\/marque\/wp-json\/wp\/v2\/pages"}],"about":[{"href":"https:\/\/www.ekia-cosmetiques.com\/marque\/wp-json\/wp\/v2\/types\/page"}],"author":[{"embeddable":true,"href":"https:\/\/www.ekia-cosmetiques.com\/marque\/wp-json\/wp\/v2\/users\/3"}],"replies":[{"embeddable":true,"href":"https:\/\/www.ekia-cosmetiques.com\/marque\/wp-json\/wp\/v2\/comments?post=1154"}],"version-history":[{"count":5,"href":"https:\/\/www.ekia-cosmetiques.com\/marque\/wp-json\/wp\/v2\/pages\/1154\/revisions"}],"predecessor-version":[{"id":1757,"href":"https:\/\/www.ekia-cosmetiques.com\/marque\/wp-json\/wp\/v2\/pages\/1154\/revisions\/1757"}],"wp:attachment":[{"href":"https:\/\/www.ekia-cosmetiques.com\/marque\/wp-json\/wp\/v2\/media?parent=1154"}],"curies":[{"name":"wp","href":"https:\/\/api.w.org\/{rel}","templated":true}]}}